{"id":19,"date":"2023-03-22T15:34:59","date_gmt":"2023-03-22T15:34:59","guid":{"rendered":"https:\/\/caritatea.ro\/?page_id=19"},"modified":"2023-03-23T14:54:04","modified_gmt":"2023-03-23T14:54:04","slug":"despre-noi","status":"publish","type":"page","link":"https:\/\/caritatea.ro\/?page_id=19","title":{"rendered":"Despre noi"},"content":{"rendered":"\n<p class=\"has-black-color has-text-color\"><strong>Date generale:<\/strong><br><br>Fundatia Caritatea a fost fondata de Federatia Comunitatilor Evreiesti din Romania impreuna cu Organizatia Mondiala Evreiasca pentru Restituirea Bunurilor &#8211; The World Jewish Restitution Organization ca o institutie permanenta de conservare, administrare si valorificare a patrimoniului cultural si spiritual al evreilor din Romania, drept marturie de neinlocuit a potentialului creator uman al evreilor romani in cadrul mediului istoriceste constituit de pe teritoriul Romaniei al istoriei si civilizatiei nationale si universale.<br><br>Fundatia isi propune totodata sa contribuie la intretinerea si imbunatatirea conditiilor de viata a evreilor batrani si bolnavi precum si a evreilor in nevoie ce locuiesc in Romania sau in alte tari, la sustinerea studiilor si promovarea programelor educationale pentru copiii evrei.<br><br><strong>Scopul Fundatiei il constituie:<\/strong><\/p>\n\n\n\n<ul class=\"wp-block-list\">\n<li>Formularea cererilor de retrocedare a bunurilor imobiliare comunitare evreiesti, inclusiv a celor detinute in trecut de comunitatile si organizatiile evreiesti si de institutiile publice evreiesti care au fost confiscate, nationalizate sau trecute in patrimoniul statului roman prin constrangere;<\/li>\n\n\n\n<li>dobandirea in proprietate precum si revendicarea si detinerea, protejarea, administrarea si valorificarea bunurilor imobiliare comunitare evreiesti care vor fi restituite de catre autoritatile publice competente romane <strong>Federatiei Comunitatilor Evreiesti din Romania<\/strong>, si\/sau Fundatiei, conform legilor romane si a altor acte normative precum si revendicarea in numele Federatiei, ca reprezentanta a tuturor comunitatilor evreiesti din Romania, a bunurilor ce fac obiectul mostenirilor vacante care vor intra in patrimoniul Fundatiei;<\/li>\n\n\n\n<li>sa contribuie la pastrarea si afirmarea identitatii culturale a comunitatii evreiesti din Romania, la prezentarea istoriei vechi si contemporane a poporului evreu, cu accent pe istoria comunitatii evreiesti din Romania precum si mentinerea si dezvoltarea legaturii dintre evreii din Romania si evreii originari din Romania care locuiesc in alte tari, indeosebi in Israel;<\/li>\n\n\n\n<li>sa contribuie la imbunatatirea conditiilor de viata in randul evreilor romani indiferent de locul unde isi au in prezent domiciliul, putand in mod exceptional sa acorde ajutoare si altor persoane aflate in nevoie.<br><\/li>\n<\/ul>\n\n\n\n<p><strong>Fundatia<\/strong> are urmatoarele obiective principale de activitate:<\/p>\n\n\n\n<ul class=\"wp-block-list\">\n<li>implicarea in probleme legate de restituirea bunurilor imobiliare comunitare evreiesti prin efectuarea documentarii si investigatiilor necesare pentru identificarea acestor bunuri imobiliare, inclusiv formularea cererilor de retrocedare, atat in numele FEDERATIEI COMUNITATILOR EVREIESTI DIN ROMANIA, cat si in numele FUNDATIEI;<\/li>\n\n\n\n<li>detinerea cu titlu de proprietate, administrarea si valorificarea bunurilor comunitare evreiesti care au fost confiscate, nationalizate sau luate prin constrangere si care urmeaza a fi restituite de catre autoritatile publice competente romane FEDERATIEI COMUNITATILOR EVREIESTI DIN ROMANIA si\/sau FUNDATIEI, conform legilor romane;<\/li>\n\n\n\n<li>sustinerea de actiuni caritabile destinate evreilor aflati in nevoie din Romania si din strainatate;<\/li>\n\n\n\n<li>acordarea unor burse tinerilor evrei care s-au remarcat prin studiu;<\/li>\n\n\n\n<li>asigurarea fondurilor necesare pentru conservarea si restaurarea lacasurilor de cult si cimitirelor evreiesti, construirea si amenajarea de unitati sanitare, camine de batrani si institutii cultural &#8211; spirituale.<\/li>\n<\/ul>\n\n\n\n<hr class=\"wp-block-separator has-alpha-channel-opacity\"\/>\n\n\n\n<p><strong>Activitatea curenta:<\/strong><br><br>La expirarea celor dou\u0103 termene acordate de legiuitor pentru depunerea cererilor de retrocedare (2 martie 2003, respectiv 25 ianuarie 2006), Funda\u0163ia Caritatea a depus la Secretariatul tehnic al Comisiei speciale de retrocedare un num\u0103r de 1980 cereri distincte din care s-au solutionat cca. 75%.<br><br>De\u015fi \u00een urma amendamentelor aduse s-a \u00eenregistrat&nbsp;o cre\u015ftere semnificativ\u0103 a cererilor de retrocedare solu\u0163ionate, ca urmare a modific\u0103rii regimului probator \u015fi a sanc\u0163iunilor prev\u0103zute \u00een cazul nerespect\u0103rii dispozi\u0163iilor legale,&nbsp;ritmul de solu\u0163ionare a dosarelor r\u0103m\u00e2ne lent. Avem convingerea ca ritmul de solutionare si greutatile intampinate au la baza intentia autoritatilor de a minimaliza cheltuielile bugetare.<br><br>\u00cen ce prive\u015fte&nbsp;acordarea de desp\u0103gubiri&nbsp;pentru imobilele a c\u0103ror restituire \u00een natur\u0103 nu mai este posibil\u0103, au fost emise decizii, av\u00e2nd ca beneficiar Funda\u0163ia \u201cCaritatea\u201d, care s-au incasat partial in numerar si partial in actiuni la Fondul Proprietatea.<\/p>\n\n\n\n<p><br>In Iulie 2010, Guvernul a emis o ordonanta de urgenta care a sistat plata despagubirilor in numerar pe o perioada de 2 ani, ramanand active doar despagubirile prin actiuni la Fondul Proprietatea. Dupa o perioada de 5 ani de la infiintare Fondul Proprietatea a devenit operational in Ianuarie 2011 cand actiunile s-au listat la Bursa de Valori Bucuresti.&nbsp;<\/p>\n\n\n\n<p>Restul cererilor depuse de c\u0103tre Funda\u0163ia \u201cCaritatea\u201d se afl\u0103 \u00een curs de analiz\u0103 \u015fi completare cu actele doveditoare prev\u0103zute de lege, urm\u00e2nd a fi solu\u0163ionate \u00een conformitate cu prevederile legale \u00een materie, dup\u0103 depunerea acestor acte.<br><br><strong>Valorificarea propriet\u0103\u0163ilor restituite<\/strong>&nbsp;Funda\u0163iei \u201eCaritatea\u201d are loc prin&nbsp;\u00eenchiriere&nbsp;\u015fi\/sau&nbsp;prin v\u00e2nzare.&nbsp;\u00cen prezent, din Patrimoniul Funda\u0163iei se afl\u0103 \u00een regim de&nbsp;\u00eenchiriere&nbsp;imobile situate \u00een Bucure\u015fti \u015fi \u00een diferite localit\u0103\u0163i ale \u0163\u0103rii.<\/p>\n\n\n\n<p>Unele imobile din proprietatea Funda\u0163iei \u201eCaritatea\u201d sunt date \u00een folosin\u0163\u0103 gratuita sub forma juridic\u0103 de&nbsp;contract de&nbsp;comodat&nbsp;(Teatrul Evreiesc de Stat).&nbsp;<\/p>\n\n\n\n<p>\u00cen concordan\u0163\u0103 cu Bugetul anual, aprobat de Consiliul Director \u0219i de Adunarea General\u0103 a membrilor Funda\u0163iei,&nbsp;veniturile ob\u0163inute&nbsp;din&nbsp;chirii, v\u00e2nz\u0103ri \u0219i din&nbsp;activit\u0103\u0163i financiare&nbsp;(dob\u00e2nzi, etc) s-au utilizat pentru activitatea de sponsorizare.<\/p>\n\n\n\n<p>De precizat c\u0103 Programul de sponsorizare a \u00eenceput par\u0163ial \u00een anul 2006, c\u00e2nd pentru F.C.E.R. s-au alocat 50 mii USD. Ulterior, sumele au crescut semnificativ.<br>F.C.E.R. a utilizat resursele financiare ob\u0163inute din sponsoriz\u0103ri de la Funda\u0163ia \u201eCaritatea\u201d pentru :<br>\u2022&nbsp;<em>sus\u0163inerea Programelor de asisten\u0163\u0103 social\u0103 \u0219i medical\u0103.<br>\u2022 prezervarea Patrimoniului Sacru Evreiesc (Sinagogi \u015fi Cimitire)<br>\u2022 educa\u0163ie iudaic\u0103, cult mozaic \u015fi valorificarea mo\u015ftenirii iudaice cultural-istorice<\/em><\/p>\n\n\n\n<p>De asemenea, in Israel si in alte state se desfasoara o ampla activitate sociala cu fonduri alocate de catre Fundatia Caritatea. Astfel, in Israel persoanele nevoiase, supravetuitori ai Holocaustului, primesc un ajutor financiar periodic.<\/p>\n\n\n\n<p>Un alt domeniu finantat de Fundatia Caritatea este Muzeul Iudaismului Rom\u00e2nesc, de la Rosh Pina \u2013 prin intermediul organizatiei A.M.I.R., finantare comuna cu Primaria Rosh Pina si cu Ministerul Israelian de Turism.<\/p>\n\n\n\n<p>Muzeul ridicat \u00eentr-un loc plin de via\u0163\u0103 \u015fi de intens\u0103 activitate turistic\u0103, urmeaz\u0103 s\u0103&nbsp;<strong>oglindeasc\u0103 realiz\u0103rile iudaismului rom\u00e2nesc<\/strong>&nbsp;ca parte important\u0103 a istoriei poporului evreu \u00een totalitatea sa. Spre deosebire de cele mai multe muzee care reprezint\u0103 trecutul, orientarea celor care au ini\u0163iat construirea acestui muzeu este de a expune m\u0103rturiile trecutului \u015fi prezentului, dar \u015fi ale viitorului. Se fac eforturi de a prezenta at\u00eet trecutul iudaismului rom\u00e2nesc, c\u00eet \u015fi efortul imens al originarilor din Rom\u00e2nia la construirea Israelului.<\/p>\n\n\n\n<p>Concomitent cu ridicarea muzeului, s-a&nbsp;<strong>luat ini\u0163iativa de a \u00eenfr\u0103\u0163i localitatea Rosh Pina cu Municipiul Moine\u015fti<\/strong>. Este important de subliniat c\u0103 Ora\u015ful Moine\u015fti este localitatea de unde au pornit primii olimi din Rom\u00e2nia care au \u00eenfiin\u0163at Rosh Pina.<br><br>Toate activitatile de sponsorizare sunt aprobate de Consiliul Director al Fundatiei si controlate de auditori externi.<\/p>\n","protected":false},"excerpt":{"rendered":"<p>Date generale: Fundatia Caritatea a fost fondata de Federatia Comunitatilor Evreiesti din Romania impreuna cu Organizatia Mondiala Evreiasca pentru Restituirea Bunurilor &#8211; The World Jewish Restitution Organization ca o institutie permanenta de conservare, administrare si valorificare a patrimoniului cultural si spiritual al evreilor din Romania, drept marturie de neinlocuit a potentialului creator uman al evreilor [&hellip;]<\/p>\n","protected":false},"author":1,"featured_media":0,"parent":0,"menu_order":0,"comment_status":"closed","ping_status":"closed","template":"","meta":{"footnotes":""},"class_list":["post-19","page","type-page","status-publish","hentry"],"_links":{"self":[{"href":"https:\/\/caritatea.ro\/index.php?rest_route=\/wp\/v2\/pages\/19","targetHints":{"allow":["GET"]}}],"collection":[{"href":"https:\/\/caritatea.ro\/index.php?rest_route=\/wp\/v2\/pages"}],"about":[{"href":"https:\/\/caritatea.ro\/index.php?rest_route=\/wp\/v2\/types\/page"}],"author":[{"embeddable":true,"href":"https:\/\/caritatea.ro\/index.php?rest_route=\/wp\/v2\/users\/1"}],"replies":[{"embeddable":true,"href":"https:\/\/caritatea.ro\/index.php?rest_route=%2Fwp%2Fv2%2Fcomments&post=19"}],"version-history":[{"count":4,"href":"https:\/\/caritatea.ro\/index.php?rest_route=\/wp\/v2\/pages\/19\/revisions"}],"predecessor-version":[{"id":184,"href":"https:\/\/caritatea.ro\/index.php?rest_route=\/wp\/v2\/pages\/19\/revisions\/184"}],"wp:attachment":[{"href":"https:\/\/caritatea.ro\/index.php?rest_route=%2Fwp%2Fv2%2Fmedia&parent=19"}],"curies":[{"name":"wp","href":"https:\/\/api.w.org\/{rel}","templated":true}]}}