{"id":8,"date":"2023-03-22T15:30:20","date_gmt":"2023-03-22T15:30:20","guid":{"rendered":"https:\/\/caritatea.ro\/?page_id=8"},"modified":"2023-03-27T11:54:35","modified_gmt":"2023-03-27T11:54:35","slug":"elementor-8","status":"publish","type":"page","link":"https:\/\/caritatea.ro\/","title":{"rendered":"Acasa"},"content":{"rendered":"\n<main class=\"wp-block-group alignfull has-global-padding is-layout-constrained wp-container-core-group-is-layout-854cc33d wp-block-group-is-layout-constrained\" style=\"margin-top:var(--wp--preset--spacing--40);margin-bottom:var(--wp--preset--spacing--50)\">\n<div class=\"wp-block-media-text alignfull is-stacked-on-mobile\"><figure class=\"wp-block-media-text__media\"><img loading=\"lazy\" decoding=\"async\" width=\"1000\" height=\"667\" src=\"https:\/\/caritatea.ro\/wp-content\/uploads\/2023\/03\/618c050323745d001825e430.webp\" alt=\"\" class=\"wp-image-213 size-full\" srcset=\"https:\/\/caritatea.ro\/wp-content\/uploads\/2023\/03\/618c050323745d001825e430.webp 1000w, https:\/\/caritatea.ro\/wp-content\/uploads\/2023\/03\/618c050323745d001825e430-300x200.webp 300w, https:\/\/caritatea.ro\/wp-content\/uploads\/2023\/03\/618c050323745d001825e430-768x512.webp 768w\" sizes=\"auto, (max-width: 1000px) 100vw, 1000px\" \/><\/figure><div class=\"wp-block-media-text__content\">\n<h2 class=\"has-text-align-center has-x-large-font-size wp-block-heading\">Fundatie<\/h2>\n\n\n\n<p>Fundatia Caritatea a fost fondata de Federatia Comunitatilor Evreiesti din Romania impreuna cu Organizatia Mondiala Evreiasca pentru Restituirea Bunurilor ca o institutie permanenta de conservare, administrare si valorificare a patrimoniului cultural si spiritual al evreilor din Romania, drept marturie de neinlocuit a potentialului creator uman al evreilor romani in cadrul mediului istoriceste constituit de pe teritoriul Romaniei al istoriei si civilizatiei nationale si universale. (<a href=\"https:\/\/caritatea.ro\/?page_id=19\" data-type=\"page\" data-id=\"19\">Mai multe detalii<\/a>)<\/p>\n<\/div><\/div>\n\n\n\n<div class=\"wp-block-media-text alignfull has-media-on-the-right is-stacked-on-mobile\"><div class=\"wp-block-media-text__content\">\n<h2 class=\"has-text-align-center has-x-large-font-size wp-block-heading\">Activitate<\/h2>\n\n\n\n<ol id=\"block-a00afebb-040b-43e0-a083-c760df3b59a9\" class=\"has-medium-font-size wp-block-list\" style=\"margin-top:0;margin-right:0;margin-bottom:0;margin-left:0;padding-top:var(--wp--preset--spacing--30);padding-right:var(--wp--preset--spacing--30);padding-bottom:var(--wp--preset--spacing--30);padding-left:var(--wp--preset--spacing--30)\">\n<li>Prezervarea memoriei evreimii rom\u00e2ne \u0219i a mo\u0219tenirii sale culturale;<\/li>\n\n\n\n<li>Activit\u0103\u0163i pentru p\u0103strarea memoriei Holocaustului evreimii rom\u00e2ne\u0219ti<\/li>\n<\/ol>\n\n\n\n<p><\/p>\n<\/div><figure class=\"wp-block-media-text__media\"><img loading=\"lazy\" decoding=\"async\" width=\"1024\" height=\"700\" src=\"https:\/\/caritatea.ro\/wp-content\/uploads\/2023\/03\/SINAGOGA-5-1-1024x700.jpg\" alt=\"\" class=\"wp-image-207 size-full\" srcset=\"https:\/\/caritatea.ro\/wp-content\/uploads\/2023\/03\/SINAGOGA-5-1-1024x700.jpg 1024w, https:\/\/caritatea.ro\/wp-content\/uploads\/2023\/03\/SINAGOGA-5-1-300x205.jpg 300w, https:\/\/caritatea.ro\/wp-content\/uploads\/2023\/03\/SINAGOGA-5-1-768x525.jpg 768w, https:\/\/caritatea.ro\/wp-content\/uploads\/2023\/03\/SINAGOGA-5-1.jpg 1280w\" sizes=\"auto, (max-width: 1024px) 100vw, 1024px\" \/><\/figure><\/div>\n<\/main>\n","protected":false},"excerpt":{"rendered":"<p>Fundatie Fundatia Caritatea a fost fondata de Federatia Comunitatilor Evreiesti din Romania impreuna cu Organizatia Mondiala Evreiasca pentru Restituirea Bunurilor ca o institutie permanenta de conservare, administrare si valorificare a patrimoniului cultural si spiritual al evreilor din Romania, drept marturie de neinlocuit a potentialului creator uman al evreilor romani in cadrul mediului istoriceste constituit de [&hellip;]<\/p>\n","protected":false},"author":1,"featured_media":0,"parent":0,"menu_order":0,"comment_status":"closed","ping_status":"closed","template":"","meta":{"footnotes":""},"class_list":["post-8","page","type-page","status-publish","hentry"],"_links":{"self":[{"href":"https:\/\/caritatea.ro\/index.php?rest_route=\/wp\/v2\/pages\/8","targetHints":{"allow":["GET"]}}],"collection":[{"href":"https:\/\/caritatea.ro\/index.php?rest_route=\/wp\/v2\/pages"}],"about":[{"href":"https:\/\/caritatea.ro\/index.php?rest_route=\/wp\/v2\/types\/page"}],"author":[{"embeddable":true,"href":"https:\/\/caritatea.ro\/index.php?rest_route=\/wp\/v2\/users\/1"}],"replies":[{"embeddable":true,"href":"https:\/\/caritatea.ro\/index.php?rest_route=%2Fwp%2Fv2%2Fcomments&post=8"}],"version-history":[{"count":13,"href":"https:\/\/caritatea.ro\/index.php?rest_route=\/wp\/v2\/pages\/8\/revisions"}],"predecessor-version":[{"id":230,"href":"https:\/\/caritatea.ro\/index.php?rest_route=\/wp\/v2\/pages\/8\/revisions\/230"}],"wp:attachment":[{"href":"https:\/\/caritatea.ro\/index.php?rest_route=%2Fwp%2Fv2%2Fmedia&parent=8"}],"curies":[{"name":"wp","href":"https:\/\/api.w.org\/{rel}","templated":true}]}}